{"id":41,"date":"2021-06-01T09:26:17","date_gmt":"2021-06-01T06:26:17","guid":{"rendered":"https:\/\/www.lassan.com.tr\/?page_id=41"},"modified":"2021-06-01T09:29:11","modified_gmt":"2021-06-01T06:29:11","slug":"iletisim","status":"publish","type":"page","link":"https:\/\/www.lassan.com.tr\/en\/iletisim\/","title":{"rendered":"contact"},"content":{"rendered":"<div class=\"vc_row wpb_row vc_row-fluid\"><div class=\"wpb_column vc_column_container vc_col-sm-6\"><div class=\"vc_column-inner\"><div class=\"wpb_wrapper\">\n\t<div class=\"wpb_text_column wpb_content_element\" >\n\t\t<div class=\"wpb_wrapper\">\n\t\t\t<p><strong>LASSAN Kau\u00e7uk Plastik Sanayi ve Tic. Ltd. \u015eti.<\/strong><\/p>\n<p>Veysel Karani Mh. K\u00f6\u015fk Cd. \u00c7e\u015fme Sk. No: 8<br \/>\nOsmangazi \/ BURSA<\/p>\n<p>+90 224 215 22 39 &#8211; 40<br \/>\n+90 224 215 22 41<br \/>\n+90 532 346 43 91<\/p>\n<p>lassan@lassan.com.tr<br \/>\nwww.lassan.com.tr<\/p>\n<p><strong>Tax Office:<\/strong> Uluda\u011f<br \/>\n<strong>Tax No:<\/strong> 608 006 8145<br \/>\n<strong>Trade Registry:<\/strong> 39542<\/p>\n<p><strong>Responsible Personnel<\/strong><\/p>\n<p>Ufuk G\u00fcven &#8211; <strong>General Manager<\/strong><br \/>\nFaruk G\u00fcven &#8211; <strong>Financial Manager<\/strong><br \/>\n\u00d6zhan G\u00fcven &#8211; <strong>Production Manager<\/strong><\/p>\n<p><strong>Bank Account Information<\/strong><\/p>\n<p>Bank: \u0130\u015f Bankas\u0131<br \/>\nBranch: Bursa Santral Garaj<\/p>\n<p>IBAN No: TR07 0006 4000 0012 2050 4578 08 (TL)<br \/>\nIBAN No: TR09 0006 4000 0022 2050 0904 28 (Euro)<\/p>\n\n\t\t<\/div>\n\t<\/div>\n<\/div><\/div><\/div><div class=\"wpb_column vc_column_container vc_col-sm-6\"><div class=\"vc_column-inner\"><div class=\"wpb_wrapper\"><div role=\"form\" class=\"wpcf7\" id=\"wpcf7-f7-o1\" lang=\"tr-TR\" dir=\"ltr\">\n<div class=\"screen-reader-response\"><p role=\"status\" aria-live=\"polite\" aria-atomic=\"true\"><\/p> <ul><\/ul><\/div>\n<form action=\"\/en\/wp-json\/wp\/v2\/pages\/41#wpcf7-f7-o1\" method=\"post\" class=\"wpcf7-form init\" novalidate=\"novalidate\" data-status=\"init\" data-trp-original-action=\"\/en\/wp-json\/wp\/v2\/pages\/41#wpcf7-f7-o1\">\n<div style=\"display: none;\">\n<input type=\"hidden\" name=\"_wpcf7\" value=\"7\" \/>\n<input type=\"hidden\" name=\"_wpcf7_version\" value=\"5.6\" \/>\n<input type=\"hidden\" name=\"_wpcf7_locale\" value=\"tr_TR\" \/>\n<input type=\"hidden\" name=\"_wpcf7_unit_tag\" value=\"wpcf7-f7-o1\" \/>\n<input type=\"hidden\" name=\"_wpcf7_container_post\" value=\"0\" \/>\n<input type=\"hidden\" name=\"_wpcf7_posted_data_hash\" value=\"\" \/>\n<\/div>\n<p><label> Name<br \/>\n    <span class=\"wpcf7-form-control-wrap\" data-name=\"your-name\"><input type=\"text\" name=\"your-name\" value=\"\" size=\"40\" class=\"wpcf7-form-control wpcf7-text wpcf7-validates-as-required\" aria-required=\"true\" aria-invalid=\"false\" \/><\/span> <\/label><\/p>\n<p><label> E-mail<br \/>\n    <span class=\"wpcf7-form-control-wrap\" data-name=\"your-email\"><input type=\"email\" name=\"your-email\" value=\"\" size=\"40\" class=\"wpcf7-form-control wpcf7-text wpcf7-email wpcf7-validates-as-required wpcf7-validates-as-email\" aria-required=\"true\" aria-invalid=\"false\" \/><\/span> <\/label><\/p>\n<p><label> Subject<br \/>\n    <span class=\"wpcf7-form-control-wrap\" data-name=\"your-subject\"><input type=\"text\" name=\"your-subject\" value=\"\" size=\"40\" class=\"wpcf7-form-control wpcf7-text wpcf7-validates-as-required\" aria-required=\"true\" aria-invalid=\"false\" \/><\/span> <\/label><\/p>\n<p><label> Message<br \/>\n    <span class=\"wpcf7-form-control-wrap\" data-name=\"your-message\"><textarea name=\"your-message\" cols=\"40\" rows=\"10\" class=\"wpcf7-form-control wpcf7-textarea\" aria-invalid=\"false\"><\/textarea><\/span> <\/label><\/p>\n<p><span class=\"wpcf7-form-control-wrap\" data-name=\"quiz-187\"><label><span class=\"wpcf7-quiz-label\">Security Question (capital of Turkey?)<\/span> <input type=\"text\" name=\"quiz-187\" size=\"40\" class=\"wpcf7-form-control wpcf7-quiz\" autocomplete=\"off\" aria-required=\"true\" aria-invalid=\"false\" \/><\/label><input type=\"hidden\" name=\"_wpcf7_quiz_answer_quiz-187\" value=\"acb17fac6dac4b593492f7e633596905\" \/><\/span><\/p>\n<p><input type=\"submit\" value=\"Send\" class=\"wpcf7-form-control has-spinner wpcf7-submit\" \/><\/p>\n<div class=\"wpcf7-response-output\" aria-hidden=\"true\"><\/div><input type=\"hidden\" name=\"trp-form-language\" value=\"en\"\/><\/form><\/div><\/div><\/div><\/div><\/div><div class=\"vc_row wpb_row vc_row-fluid\"><div class=\"wpb_column vc_column_container vc_col-sm-12\"><div class=\"vc_column-inner\"><div class=\"wpb_wrapper\"><div class=\"wpb_gmaps_widget wpb_content_element\"><div class=\"wpb_wrapper\"><div class=\"wpb_map_wraper\"><iframe src=\"https:\/\/www.google.com\/maps\/embed?pb=!1m14!1m8!1m3!1d6093.7330432030385!2d29.077007000000002!3d40.212032!3m2!1i1024!2i768!4f13.1!3m3!1m2!1s0x0%3A0x4a0768f90d7edd75!2sLassan%20Kau%C3%A7uk!5e0!3m2!1sen!2sua!4v1622528934461!5m2!1sen!2sua\" width=\"600\" height=\"450\" style=\"border:0;\" allowfullscreen=\"\" loading=\"lazy\"><\/iframe><\/div><\/div><\/div><\/div><\/div><\/div><\/div>","protected":false},"excerpt":{"rendered":"<p>LASSAN Kau\u00e7uk Plastik Sanayi ve Tic. Ltd. \u015eti. Veysel Karani Mh. K\u00f6\u015fk Cd. \u00c7e\u015fme Sk. No: 8 Osmangazi \/ BURSA +90 224 215 22 39 &#8211; 40 +90 224 215 22 41 +90 532 346 43 91 lassan@lassan.com.tr www.lassan.com.tr Vergi Dairesi: Uluda\u011f Vergi No: 608 006 8145 Ticaret Sicil No: 39542 Sorumlu Ki\u015filer Ufuk G\u00fcven&hellip;<\/p>","protected":false},"author":1,"featured_media":0,"parent":0,"menu_order":0,"comment_status":"closed","ping_status":"closed","template":"","meta":{"footnotes":""},"class_list":["post-41","page","type-page","status-publish","hentry","description-off"],"_links":{"self":[{"href":"https:\/\/www.lassan.com.tr\/en\/wp-json\/wp\/v2\/pages\/41","targetHints":{"allow":["GET"]}}],"collection":[{"href":"https:\/\/www.lassan.com.tr\/en\/wp-json\/wp\/v2\/pages"}],"about":[{"href":"https:\/\/www.lassan.com.tr\/en\/wp-json\/wp\/v2\/types\/page"}],"author":[{"embeddable":true,"href":"https:\/\/www.lassan.com.tr\/en\/wp-json\/wp\/v2\/users\/1"}],"replies":[{"embeddable":true,"href":"https:\/\/www.lassan.com.tr\/en\/wp-json\/wp\/v2\/comments?post=41"}],"version-history":[{"count":0,"href":"https:\/\/www.lassan.com.tr\/en\/wp-json\/wp\/v2\/pages\/41\/revisions"}],"wp:attachment":[{"href":"https:\/\/www.lassan.com.tr\/en\/wp-json\/wp\/v2\/media?parent=41"}],"curies":[{"name":"wp","href":"https:\/\/api.w.org\/{rel}","templated":true}]}}