{"id":39,"date":"2021-06-01T09:24:35","date_gmt":"2021-06-01T06:24:35","guid":{"rendered":"https:\/\/www.lassan.com.tr\/?page_id=39"},"modified":"2021-06-01T11:38:22","modified_gmt":"2021-06-01T08:38:22","slug":"urunler","status":"publish","type":"page","link":"https:\/\/www.lassan.com.tr\/en\/urunler\/","title":{"rendered":"products"},"content":{"rendered":"<div class=\"vc_row wpb_row vc_row-fluid\"><div class=\"wpb_column vc_column_container vc_col-sm-4\"><div class=\"vc_column-inner\"><div class=\"wpb_wrapper\">\n<div id=\"interactive-banner-1-wrap-3170\" class=\"ult-banner-block ult-adjust-bottom-margin ult-bb-box  banner-style12\"   style=\"\">\n\t<img decoding=\"async\" src=\"https:\/\/www.lassan.com.tr\/wp-content\/uploads\/2021\/06\/otomotiv_002-.jpg\" alt=\"null\">\n\t<h4  data-ultimate-target='#interactive-banner-1-wrap-3170 .bb-top-title '  data-responsive-json-new='{\"font-size\":\"\",\"line-height\":\"\"}'  class=\"title-center bb-top-title ult-responsive\" style=\"font-weight:normal;background:#dd3333;color:#ffffff;\">Automotive Products<i class=\"icomoon-the7-font-the7-zoom-08\"  style= \"color:#ffffff;\"><\/i><\/h4>\n\t<div class=\"mask opaque-background\" style=\"background:rgba(221,0,0,0.57);\">\n\t\t<div  data-ultimate-target='#interactive-banner-1-wrap-3170 .bb-description'  data-responsive-json-new='{\"font-size\":\"\",\"line-height\":\"\"}'  class=\"bb-description ult-responsive\" style=\"font-weight:normal;color:#ffffff;\">\u00dcr\u00fcnlerimizi \u0130nceleyin<\/div>\n\t<\/div><a class=\"bb-link\" ><\/a>\n<\/div><\/div><\/div><\/div><div class=\"wpb_column vc_column_container vc_col-sm-4\"><div class=\"vc_column-inner\"><div class=\"wpb_wrapper\">\n<div id=\"interactive-banner-1-wrap-6276\" class=\"ult-banner-block ult-adjust-bottom-margin ult-bb-box  banner-style12\"   style=\"\">\n\t<img decoding=\"async\" src=\"https:\/\/www.lassan.com.tr\/wp-content\/uploads\/2021\/06\/ozel_imalat_011.jpg\" alt=\"null\">\n\t<h4  data-ultimate-target='#interactive-banner-1-wrap-6276 .bb-top-title '  data-responsive-json-new='{\"font-size\":\"\",\"line-height\":\"\"}'  class=\"title-center bb-top-title ult-responsive\" style=\"font-weight:normal;background:#dd3333;color:#ffffff;\">Custom Molded\nProducts<i class=\"icomoon-the7-font-the7-zoom-08\"  style= \"color:#ffffff;\"><\/i><\/h4>\n\t<div class=\"mask opaque-background\" style=\"background:rgba(221,0,0,0.57);\">\n\t\t<div  data-ultimate-target='#interactive-banner-1-wrap-6276 .bb-description'  data-responsive-json-new='{\"font-size\":\"\",\"line-height\":\"\"}'  class=\"bb-description ult-responsive\" style=\"font-weight:normal;color:#ffffff;\">\u00dcr\u00fcnlerimizi \u0130nceleyin<\/div>\n\t<\/div><a class=\"bb-link\" href=\"https:\/\/www.lassan.com.tr\/en\/ozel-kalip-urunleri\/\" title=\"Custom Molded Products\" ><\/a>\n<\/div><\/div><\/div><\/div><div class=\"wpb_column vc_column_container vc_col-sm-4\"><div class=\"vc_column-inner\"><div class=\"wpb_wrapper\">\n<div id=\"interactive-banner-1-wrap-3600\" class=\"ult-banner-block ult-adjust-bottom-margin ult-bb-box  banner-style12\"   style=\"\">\n\t<img decoding=\"async\" src=\"https:\/\/www.lassan.com.tr\/wp-content\/uploads\/2021\/06\/titresim_takoz_001.jpg\" alt=\"null\">\n\t<h4  data-ultimate-target='#interactive-banner-1-wrap-3600 .bb-top-title '  data-responsive-json-new='{\"font-size\":\"\",\"line-height\":\"\"}'  class=\"title-center bb-top-title ult-responsive\" style=\"font-weight:normal;background:#dd3333;color:#ffffff;\">Anti-Vibration Mounts<i class=\"icomoon-the7-font-the7-zoom-08\"  style= \"color:#ffffff;\"><\/i><\/h4>\n\t<div class=\"mask opaque-background\" style=\"background:rgba(221,0,0,0.57);\">\n\t\t<div  data-ultimate-target='#interactive-banner-1-wrap-3600 .bb-description'  data-responsive-json-new='{\"font-size\":\"\",\"line-height\":\"\"}'  class=\"bb-description ult-responsive\" style=\"font-weight:normal;color:#ffffff;\">\u00dcr\u00fcnlerimizi \u0130nceleyin<\/div>\n\t<\/div><a class=\"bb-link\" href=\"https:\/\/www.lassan.com.tr\/en\/titresim-takozlari\/\" title=\"Anti-Vibration Mounts\" ><\/a>\n<\/div><\/div><\/div><\/div><\/div><div class=\"vc_row wpb_row vc_row-fluid\"><div class=\"wpb_column vc_column_container vc_col-sm-4\"><div class=\"vc_column-inner\"><div class=\"wpb_wrapper\">\n<div id=\"interactive-banner-1-wrap-7437\" class=\"ult-banner-block ult-adjust-bottom-margin ult-bb-box  banner-style12\"   style=\"\">\n\t<img decoding=\"async\" src=\"https:\/\/www.lassan.com.tr\/wp-content\/uploads\/2021\/06\/sacli_parca_018.jpg\" alt=\"null\">\n\t<h4  data-ultimate-target='#interactive-banner-1-wrap-7437 .bb-top-title '  data-responsive-json-new='{\"font-size\":\"\",\"line-height\":\"\"}'  class=\"title-center bb-top-title ult-responsive\" style=\"font-weight:normal;background:#dd3333;color:#ffffff;\">Sheet Items<i class=\"icomoon-the7-font-the7-zoom-08\"  style= \"color:#ffffff;\"><\/i><\/h4>\n\t<div class=\"mask opaque-background\" style=\"background:rgba(221,0,0,0.57);\">\n\t\t<div  data-ultimate-target='#interactive-banner-1-wrap-7437 .bb-description'  data-responsive-json-new='{\"font-size\":\"\",\"line-height\":\"\"}'  class=\"bb-description ult-responsive\" style=\"font-weight:normal;color:#ffffff;\">\u00dcr\u00fcnlerimizi \u0130nceleyin<\/div>\n\t<\/div><a class=\"bb-link\" href=\"https:\/\/www.lassan.com.tr\/en\/sacli-parcalar\/\" title=\"Sheet Items\" ><\/a>\n<\/div><\/div><\/div><\/div><div class=\"wpb_column vc_column_container vc_col-sm-4\"><div class=\"vc_column-inner\"><div class=\"wpb_wrapper\">\n<div id=\"interactive-banner-1-wrap-3871\" class=\"ult-banner-block ult-adjust-bottom-margin ult-bb-box  banner-style12\"   style=\"\">\n\t<img decoding=\"async\" src=\"https:\/\/www.lassan.com.tr\/wp-content\/uploads\/2021\/06\/contalar_001.jpg\" alt=\"null\">\n\t<h4  data-ultimate-target='#interactive-banner-1-wrap-3871 .bb-top-title '  data-responsive-json-new='{\"font-size\":\"\",\"line-height\":\"\"}'  class=\"title-center bb-top-title ult-responsive\" style=\"font-weight:normal;background:#dd3333;color:#ffffff;\">Irrigation Pipe Gaskets<i class=\"icomoon-the7-font-the7-zoom-08\"  style= \"color:#ffffff;\"><\/i><\/h4>\n\t<div class=\"mask opaque-background\" style=\"background:rgba(221,0,0,0.57);\">\n\t\t<div  data-ultimate-target='#interactive-banner-1-wrap-3871 .bb-description'  data-responsive-json-new='{\"font-size\":\"\",\"line-height\":\"\"}'  class=\"bb-description ult-responsive\" style=\"font-weight:normal;color:#ffffff;\">\u00dcr\u00fcnlerimizi \u0130nceleyin<\/div>\n\t<\/div><a class=\"bb-link\" href=\"https:\/\/www.lassan.com.tr\/en\/sulama-boru-contalari\/\" title=\"Irrigation Pipe Gaskets\" ><\/a>\n<\/div><\/div><\/div><\/div><div class=\"wpb_column vc_column_container vc_col-sm-4\"><div class=\"vc_column-inner\"><div class=\"wpb_wrapper\"><\/div><\/div><\/div><\/div>","protected":false},"excerpt":{"rendered":"<p>Otomotiv Par\u00e7alar\u0131 \u00dcr\u00fcnlerimizi \u0130nceleyin \u00d6zel Kal\u0131p Par\u00e7alar\u0131 \u00dcr\u00fcnlerimizi \u0130nceleyin Titre\u015fim Takozlar\u0131 \u00dcr\u00fcnlerimizi \u0130nceleyin Sacl\u0131 Par\u00e7alar \u00dcr\u00fcnlerimizi \u0130nceleyin Sulama Boru Contalar\u0131 \u00dcr\u00fcnlerimizi \u0130nceleyin<\/p>","protected":false},"author":1,"featured_media":0,"parent":0,"menu_order":0,"comment_status":"closed","ping_status":"closed","template":"","meta":{"footnotes":""},"class_list":["post-39","page","type-page","status-publish","hentry","description-off"],"_links":{"self":[{"href":"https:\/\/www.lassan.com.tr\/en\/wp-json\/wp\/v2\/pages\/39","targetHints":{"allow":["GET"]}}],"collection":[{"href":"https:\/\/www.lassan.com.tr\/en\/wp-json\/wp\/v2\/pages"}],"about":[{"href":"https:\/\/www.lassan.com.tr\/en\/wp-json\/wp\/v2\/types\/page"}],"author":[{"embeddable":true,"href":"https:\/\/www.lassan.com.tr\/en\/wp-json\/wp\/v2\/users\/1"}],"replies":[{"embeddable":true,"href":"https:\/\/www.lassan.com.tr\/en\/wp-json\/wp\/v2\/comments?post=39"}],"version-history":[{"count":0,"href":"https:\/\/www.lassan.com.tr\/en\/wp-json\/wp\/v2\/pages\/39\/revisions"}],"wp:attachment":[{"href":"https:\/\/www.lassan.com.tr\/en\/wp-json\/wp\/v2\/media?parent=39"}],"curies":[{"name":"wp","href":"https:\/\/api.w.org\/{rel}","templated":true}]}}