{"id":27,"date":"2021-05-31T16:35:34","date_gmt":"2021-05-31T13:35:34","guid":{"rendered":"https:\/\/www.lassan.com.tr\/?page_id=27"},"modified":"2021-06-01T09:32:31","modified_gmt":"2021-06-01T06:32:31","slug":"kurumsal","status":"publish","type":"page","link":"https:\/\/www.lassan.com.tr\/en\/kurumsal\/","title":{"rendered":"company"},"content":{"rendered":"<div class=\"vc_row wpb_row vc_row-fluid\"><div class=\"wpb_column vc_column_container vc_col-sm-4\"><div class=\"vc_column-inner\"><div class=\"wpb_wrapper\">\n\t<div  class=\"wpb_single_image wpb_content_element vc_align_left\">\n\t\t\n\t\t<figure class=\"wpb_wrapper vc_figure\">\n\t\t\t<a href=\"https:\/\/www.lassan.com.tr\/wp-content\/uploads\/2021\/05\/ISO9001.jpg\" target=\"_self\" data-large_image_width=\"600\" data-large_image_height=\"842\"  class=\"vc_single_image-wrapper   vc_box_border_grey rollover\"   ><img loading=\"lazy\" decoding=\"async\" width=\"600\" height=\"842\" src=\"https:\/\/www.lassan.com.tr\/wp-content\/uploads\/2021\/05\/ISO9001.jpg\" class=\"vc_single_image-img attachment-large\" alt=\"\" srcset=\"https:\/\/www.lassan.com.tr\/wp-content\/uploads\/2021\/05\/ISO9001.jpg 600w, https:\/\/www.lassan.com.tr\/wp-content\/uploads\/2021\/05\/ISO9001-214x300.jpg 214w\" sizes=\"auto, (max-width: 600px) 100vw, 600px\"  data-dt-location=\"https:\/\/www.lassan.com.tr\/en\/kurumsal\/iso9001\/\" \/><\/a>\n\t\t<\/figure>\n\t<\/div>\n<\/div><\/div><\/div><div class=\"wpb_column vc_column_container vc_col-sm-8\"><div class=\"vc_column-inner\"><div class=\"wpb_wrapper\">\n\t<div class=\"wpb_text_column wpb_content_element\" >\n\t\t<div class=\"wpb_wrapper\">\n\t\t\t<div class=\"section-heading\">\n<p class=\"section-title translation-block\"><span style=\"font-size: 14px; font-weight: normal;\">Firmam\u0131z <\/span><b style=\"font-size: 14px;\">LASSAN Kau\u00e7uk ve Plastik<\/b><span style=\"font-size: 14px; font-weight: normal;\">&nbsp;ad\u0131yla 1974 y\u0131l\u0131nda kurulmu\u015ftur.<\/span><\/p>\n<\/div>\n<p>In 1995 it has become a limited liability company; through innovation we have accomplished, upon improvements in technology and changing market conditions, to enlarge our customer base more and more. With products for the automotive subsidiary industry and many other special products we reached today\u2019s conditions.<\/p>\n<p>Around 400 different types of rubber, plastic molds and other special products are prepared for the automotive, agriculture, construction, textile, automation and other sectors. Our customer service principles are; QUALITY, CORRECTNESS, RAPIDNESS and SATISFACTION in the production. In the year 2004 our company has added CNC-Lathes and CNC-Vertical Lathes to its production facilities.<\/p>\n<p>At the same time investments into the CAD-CAM Programs have been made to achieve higher quality standards in the production; so that the products could be produced in digital surroundings. Herewith the production is faultless and the products are manufactured in the right quality standard.<\/p>\n<p>With our CNC-Lathes we are able to do machining and to prepare molds according to our customers\u2019 demands.<\/p>\n<p class=\"translation-block\">In the year 2005, LASSAN Kau\u00e7uk Plastik Sanayi ve Tic. Ltd. \u015eti. applied for the Quality Certificate ISO 9001:2008 and became authenticated in June 2005 for placing great emphasis on quality.<\/p>\n<p class=\"translation-block\"><b>Mold Design, Mold Production, CNC Processing, Rubber Gaskets, Rubber Bellows, Rubber Wedges, Rubber Plating on Metal.<\/b><\/p>\n<p class=\"translation-block\">for company information\u00a0<a href=\"https:\/\/www.lassan.com.tr\/en\/iletisim\/\" target=\"_self\">click<\/a>\u00a0here.<\/p>\n\n\t\t<\/div>\n\t<\/div>\n<\/div><\/div><\/div><\/div>","protected":false},"excerpt":{"rendered":"<p>Firmam\u0131z LASSAN Kau\u00e7uk ve Plastik\u00a0ad\u0131yla 1974 y\u0131l\u0131nda kurulmu\u015ftur. 1995 y\u0131l\u0131nda \u015firketle\u015fip yapt\u0131\u011f\u0131 yeniliklerle geli\u015fen teknoloji ve de\u011fi\u015fen piyasa ko\u015fullar\u0131nda m\u00fc\u015fteri portf\u00f6y\u00fcn\u00fc her ge\u00e7en g\u00fcn geni\u015fleterek, oto yan sanayi \u00fcr\u00fcnleri ve bir \u00e7ok imalat\u0131 ile g\u00fcn\u00fcm\u00fcz ko\u015fullar\u0131na ula\u015fm\u0131\u015ft\u0131r. Otomotiv, ziraat, in\u015faat, tekstil, otomasyon ve bir\u00e7ok sekt\u00f6rde yakla\u015f\u0131k 400 \u00e7e\u015fit \u00f6zel imalat yapmaktad\u0131r. \u00dcretimde \u00f6nce KAL\u0130TE, DO\u011eRULUK,&hellip;<\/p>","protected":false},"author":1,"featured_media":0,"parent":0,"menu_order":0,"comment_status":"closed","ping_status":"closed","template":"","meta":{"footnotes":""},"class_list":["post-27","page","type-page","status-publish","hentry","description-off"],"_links":{"self":[{"href":"https:\/\/www.lassan.com.tr\/en\/wp-json\/wp\/v2\/pages\/27","targetHints":{"allow":["GET"]}}],"collection":[{"href":"https:\/\/www.lassan.com.tr\/en\/wp-json\/wp\/v2\/pages"}],"about":[{"href":"https:\/\/www.lassan.com.tr\/en\/wp-json\/wp\/v2\/types\/page"}],"author":[{"embeddable":true,"href":"https:\/\/www.lassan.com.tr\/en\/wp-json\/wp\/v2\/users\/1"}],"replies":[{"embeddable":true,"href":"https:\/\/www.lassan.com.tr\/en\/wp-json\/wp\/v2\/comments?post=27"}],"version-history":[{"count":0,"href":"https:\/\/www.lassan.com.tr\/en\/wp-json\/wp\/v2\/pages\/27\/revisions"}],"wp:attachment":[{"href":"https:\/\/www.lassan.com.tr\/en\/wp-json\/wp\/v2\/media?parent=27"}],"curies":[{"name":"wp","href":"https:\/\/api.w.org\/{rel}","templated":true}]}}